{"id":10241,"date":"2023-04-25T18:37:53","date_gmt":"2023-04-25T16:37:53","guid":{"rendered":"https:\/\/akvarellzebegeny.hu\/?post_type=product&#038;p=10241"},"modified":"2026-02-16T13:34:33","modified_gmt":"2026-02-16T12:34:33","slug":"1-night-adventure-in-a-zebra-valley-1-night-2-days","status":"publish","type":"product","link":"https:\/\/akvarellzebegeny.hu\/en\/rooms\/1-night-adventure-in-a-zebra-valley-1-night-2-days\/","title":{"rendered":"One night adventure in Zebeg\u00e9ny (1 night for 2 persons)"},"content":{"rendered":"<h2>Gift voucher for a one-night adventure in Zebeg\u00e9ny<\/h2>","protected":false},"excerpt":{"rendered":"<p><strong>Give the gift of experience, make your loved ones happy....<\/strong><\/p>","protected":false},"featured_media":14320,"template":"","meta":[],"product_brand":[],"product_cat":[185],"product_tag":[172],"class_list":{"0":"post-10241","1":"product","2":"type-product","3":"status-publish","4":"has-post-thumbnail","6":"product_cat-ajandekutalvany-egyejszakas","7":"product_tag-ajandekutalvany","9":"first","10":"instock","11":"virtual","12":"sold-individually","13":"taxable","14":"purchasable","15":"product-type-simple"},"exclude_global_add_ons":false,"addons":[{"name":"Gift voucher extras","type":"checkbox","position":0,"required":false,"title_format":"label","description_enable":false,"description":"","placeholder_enable":false,"placeholder":"","display":"select","restrictions_type":"any_text","adjust_price":false,"price":"","price_type":"flat_fee","restrictions":false,"min":0,"max":0,"options":[{"label":"Helyi termel\u0151i reggelit egy alkalommal, k\u00e9t f\u0151 r\u00e9sz\u00e9re","price":"13000","price_type":"flat_fee","image":0},{"label":"Romantikus vagy sz\u00fclet\u00e9snapi extr\u00e1k","price":"25000","price_type":"flat_fee","image":0}],"id":1705490370},{"name":"Comment (optional)","type":"custom_text","position":1,"required":false,"title_format":"label","description_enable":false,"description":"","placeholder_enable":false,"placeholder":"","display":"select","restrictions_type":"any_text","adjust_price":false,"price":"","price_type":"flat_fee","restrictions":false,"min":0,"max":0,"options":[],"id":1705490371}],"_links":{"self":[{"href":"https:\/\/akvarellzebegeny.hu\/en\/wp-json\/wp\/v2\/product\/10241"}],"collection":[{"href":"https:\/\/akvarellzebegeny.hu\/en\/wp-json\/wp\/v2\/product"}],"about":[{"href":"https:\/\/akvarellzebegeny.hu\/en\/wp-json\/wp\/v2\/types\/product"}],"version-history":[{"count":3,"href":"https:\/\/akvarellzebegeny.hu\/en\/wp-json\/wp\/v2\/product\/10241\/revisions"}],"predecessor-version":[{"id":15160,"href":"https:\/\/akvarellzebegeny.hu\/en\/wp-json\/wp\/v2\/product\/10241\/revisions\/15160"}],"wp:featuredmedia":[{"embeddable":true,"href":"https:\/\/akvarellzebegeny.hu\/en\/wp-json\/wp\/v2\/media\/14320"}],"wp:attachment":[{"href":"https:\/\/akvarellzebegeny.hu\/en\/wp-json\/wp\/v2\/media?parent=10241"}],"wp:term":[{"taxonomy":"product_brand","embeddable":true,"href":"https:\/\/akvarellzebegeny.hu\/en\/wp-json\/wp\/v2\/product_brand?post=10241"},{"taxonomy":"product_cat","embeddable":true,"href":"https:\/\/akvarellzebegeny.hu\/en\/wp-json\/wp\/v2\/product_cat?post=10241"},{"taxonomy":"product_tag","embeddable":true,"href":"https:\/\/akvarellzebegeny.hu\/en\/wp-json\/wp\/v2\/product_tag?post=10241"}],"curies":[{"name":"wp","href":"https:\/\/api.w.org\/{rel}","templated":true}]}}