{"id":8974,"date":"2023-02-26T18:15:49","date_gmt":"2023-02-26T17:15:49","guid":{"rendered":"https:\/\/akvarellzebegeny.hu\/?page_id=8974"},"modified":"2025-04-02T18:02:10","modified_gmt":"2025-04-02T16:02:10","slug":"hazirend","status":"publish","type":"page","link":"https:\/\/akvarellzebegeny.hu\/en\/hazirend\/","title":{"rendered":"House Rules"},"content":{"rendered":"<div data-elementor-type=\"wp-page\" data-elementor-id=\"8974\" class=\"elementor elementor-8974\" data-elementor-post-type=\"page\">\n\t\t\t\t\t\t<section class=\"elementor-section elementor-top-section elementor-element elementor-element-12c7814d elementor-section-boxed elementor-section-height-default elementor-section-height-default\" data-id=\"12c7814d\" data-element_type=\"section\" data-e-type=\"section\">\n\t\t\t\t\t\t<div class=\"elementor-container elementor-column-gap-default\">\n\t\t\t\t\t<div class=\"elementor-column elementor-col-100 elementor-top-column elementor-element elementor-element-26b21490\" data-id=\"26b21490\" data-element_type=\"column\" data-e-type=\"column\">\n\t\t\t<div class=\"elementor-widget-wrap elementor-element-populated\">\n\t\t\t\t\t\t<div class=\"elementor-element elementor-element-4a042385 elementor-widget__width-initial elementor-widget elementor-widget-text-editor\" data-id=\"4a042385\" data-element_type=\"widget\" data-e-type=\"widget\" data-widget_type=\"text-editor.default\">\n\t\t\t\t<div class=\"elementor-widget-container\">\n\t\t\t\t\t\t\t\t\t<h2>HOUSE RULES OF THE WATERCOLOUR APARTMENT HOUSE<\/h2><p>To ensure a smooth stay in our apartment, we have summarized the most important information for you, please read carefully!<\/p><h2>Login \/ Logout<\/h2><p>The accommodation on the day of arrival <strong>from 15.00<\/strong> in the morning on the day of departure <strong>until 10.00 a.m.<\/strong> available at<br \/>available.<\/p><p>For an extra fee, it is possible to book earlier or stay longer on the day of departure. In both cases, prior arrangement is required.<\/p><p>If you interrupt your stay during the booked period, no refund will be made.<\/p><p>The accommodation is only available to the agreed number of guests, which can be checked by the property without prior notice.<\/p><p>When checking in, you must fill in the registration form legibly and the accommodation provider will check your details against your documents.<\/p><p>Guests may only receive visitors with the knowledge and consent of the host.<\/p><p><strong>Pets<\/strong> we cannot accommodate you in our apartment house.<\/p><h2>Payment<\/h2><div class=\"elementor-element elementor-element-e2954ce elementor-widget elementor-widget-global elementor-global-9066 elementor-widget-text-editor\" data-id=\"e2954ce\" data-element_type=\"widget\" data-widget_type=\"text-editor.default\"><div class=\"elementor-widget-container\"><p>After confirmation of the reservation\u00a0<strong>2 hours<\/strong>\u00a0the full amount of the accommodation fee must be paid by bank transfer or online payment by credit card via OTP SimplePay.<\/p><p>Your booking will be finalised after full payment of the accommodation fee.<\/p><p>If the payment is not received by the deadline, our booking system will automatically cancel the booking and the dates will become available again.\u00a0<\/p><p><span style=\"text-decoration: underline;\">Cancellation\/Change<\/span><\/p><p>Reservations can be cancelled free of charge in writing up to 14 days before arrival.<\/p><p><strong>Before arrival 13-4.<\/strong><br \/><strong>50% of the value of the accommodation fee will be refunded by the Service Provider until.<\/strong><\/p><p><strong>From the 3rd day before arrival to<\/strong><br \/><strong>no refund will be made if cancelled before arrival.<\/strong><\/p><p><strong>Refunds will be made within 5 working days.<\/strong><\/p><p><strong>Up to 3 days before the day of arrival<\/strong><br \/><strong>you have 1 time free of charge to modify your reservation. No changes can be made from the 3rd day before the arrival date.<\/strong><br \/><strong>changes can only be made by making a new reservation, the value of the original reservation paid<\/strong><br \/><strong>The Service Provider is not in a position to refund.<\/strong><\/p><div class=\"elementor-element elementor-element-20b2532 elementor-align-justify elementor-widget elementor-widget-button\" data-id=\"20b2532\" data-element_type=\"widget\" data-widget_type=\"button.default\"><div class=\"elementor-widget-container\"><div class=\"elementor-button-wrapper\"><strong>If for any reason you leave the accommodation before the end of the period you have booked, you will still be liable to pay the accommodation fee for the nights booked.<\/strong><\/div><div>\u00a0<\/div><\/div><\/div><p>The prices <span style=\"text-decoration: underline;\">not<\/span> include the\u00a0<strong>Tourist tax\u00a0<\/strong>(IFA), which <strong>750 HUF\/person\/night. <\/strong><\/p><p>The IFA must be paid by bank transfer by the day of arrival or by cash or credit card on the day of arrival.<\/p><\/div><\/div><p><strong>Payment methods: bank transfer, debit card, cash, OTP, K&amp;H, MKB Sz\u00e9pkarte online.<\/strong><\/p><h2>Smoking<\/h2><p>Smoking and open flame use inside the building is strictly FORBIDDEN!<\/p><p>Smoking is only allowed in designated areas!<\/p><p>We kindly ask our guests who smoke to keep the yard and the whole area of the guesthouse clean by not littering the cigarette but to collect the cigarette butts and put them in the bins.<\/p><p>If action is taken against the accommodation provider because of non-compliance with the law, the offender must pay the costs.<\/p><p>This action may lead to denunciations and other proceedings.<\/p><h2>Use of rooms, furniture and fittings<\/h2><p>Please use the furnishings as intended! Do not remove any room furnishings and equipment, including towels, blankets, bed linen, etc. from the house!<\/p><p>Furniture may be rearranged only with the owner's consent.<\/p><p>Upon check-out, the rooms will be inspected and in the event of any damage, the costs will be reimbursed to the guest on the spot.<\/p><p>It is forbidden to bring or store flammable or explosive materials or transport equipment (bicycles, motorbikes, etc.) in the rooms.<\/p><p>When leaving the room, please make sure that the air conditioning, electricity and taps are turned off.<\/p><p>Please report any malfunction to the property immediately, we cannot accept any claims afterwards.<\/p><p>In case of loss of keys and remote controls, guests are obliged to report it immediately and reimburse the cost of the keys and remote controls or the replacement of the lock to the host.<\/p><p>The host is not liable for any damage to property or accidents resulting from improper use.<\/p><div class=\"et_pb_module et_pb_text et_pb_text_5 et_pb_text_align_left et_pb_bg_layout_light\"><div class=\"et_pb_text_inner\"><h2>Catering<\/h2><p>Apartment: the apartments have a well-equipped kitchen where you can prepare simple meals.<\/p><p>Do not place any metal objects in the microwave oven. Please do not eat in the rooms, only in the kitchen and dining room.<\/p><\/div><\/div><div class=\"et_pb_module et_pb_text et_pb_text_6 et_pb_text_align_left et_pb_bg_layout_light\"><div class=\"et_pb_text_inner\"><h2>Cleaning<\/h2><p>The rooms are clean and tidy, if there is a problem with the cleanliness, please inform the host, we cannot accept any complaints.<\/p><p>We do not clean during your stay, except on request. Please contact the property manager if you require cleaning.<\/p><\/div><\/div><div class=\"et_pb_module et_pb_text et_pb_text_7 et_pb_text_align_left et_pb_bg_layout_light\"><div class=\"et_pb_text_inner\"><h2>Eye replacement and treatment<\/h2><p>Household waste can be collected in the kitchen in apartments and in the bathroom in rooms.<\/p><p>Garbage can be removed from the apartments or deposited in the garbage bin in front of the property during your stay upon request.<\/p><p>Do not leave rubbish in the corridor or behind doors.<\/p><p>Please do not dispose of any non-degradable sanitary waste (nappies, sanitary or toilet pads, wet wipes) or food waste down the drains, otherwise the guest will be responsible for the cost of unblocking and maintenance.<\/p><\/div><\/div><div class=\"et_pb_module et_pb_text et_pb_text_8 et_pb_text_align_left et_pb_bg_layout_light\"><div class=\"et_pb_text_inner\"><h2>Cooking on the fire, baking<\/h2><p>No fires are allowed in the entire property!<\/p><\/div><\/div><div class=\"et_pb_module et_pb_text et_pb_text_9 et_pb_text_align_left et_pb_bg_layout_light\"><div class=\"et_pb_text_inner\"><h2>Services<\/h2><p>Parking is free for guests.<\/p><p>WiFi is free of charge and the password is displayed in the apartments.<\/p><p>The remote control devices for the electric window blinds are located in the apartments.<\/p><p>All apartments and rooms have air conditioning with heating and cooling included in the price.<\/p><p>The property has a wellness area (jacuzzi), please contact the property for details.<\/p><p>Pets are not allowed!<\/p><p>Electric vehicles can be charged free of charge by prior arrangement with the property.<\/p><\/div><\/div><div class=\"et_pb_module et_pb_text et_pb_text_10 et_pb_text_align_left et_pb_bg_layout_light\"><div class=\"et_pb_text_inner\"><h2>Other<\/h2><p>We can keep the items left in your room for 2 months and if you let us know, we will post them to the address you have given us within the time limit.<\/p><p>To ensure the peace and quiet of guests and neighbours, no noise, music or music playing is permitted in the apartments, on the terraces or in the courtyard of the property between 22:00 and 08:00.<\/p><p>Please note that the accommodation cannot be held responsible for any damage caused by events beyond its control (e.g. natural disasters, hail, fire, power outages, damage to parking spaces, etc.).<\/p><p>The host reserves the right to refuse to accept guests who misbehave or do not respect the house rules, and to immediately remove them from the accommodation.<\/p><\/div><\/div><div class=\"et_pb_module et_pb_text et_pb_text_11 et_pb_text_align_left et_pb_bg_layout_light\"><div class=\"et_pb_text_inner\"><h2>Data management<\/h2><p>The current Privacy Policy forms an integral part of these Terms of Use, and by accepting it you also accept the terms of the Privacy Policy:\u00a0<a href=\"https:\/\/akvarellzebegeny.hu\/en\/data-management-information\/\" target=\"_blank\" rel=\"noopener\">Privacy Notice<\/a>.<\/p><\/div><\/div><div class=\"et_pb_module et_pb_text et_pb_text_12 et_pb_text_align_left et_pb_bg_layout_light\"><div class=\"et_pb_text_inner\"><p><strong>We wish you a good rest and a pleasant stay!\u00a0<\/strong><\/p><\/div><\/div>\t\t\t\t\t\t\t\t<\/div>\n\t\t\t\t<\/div>\n\t\t\t\t\t<\/div>\n\t\t<\/div>\n\t\t\t\t\t<\/div>\n\t\t<\/section>\n\t\t\t\t<\/div>","protected":false},"excerpt":{"rendered":"<p>AKVARELL APARTMANH\u00c1Z H\u00c1ZIRENDJE Az apartmanunkban elt\u00f6lt\u00f6tt zavartalan \u00fcd\u00fcl\u00e9s \u00e9rdek\u00e9ben \u00f6sszefoglaltuk \u00d6n\u00f6knek a legfontosabb tudnival\u00f3kat, k\u00e9rj\u00fck, figyelmesen olvass\u00e1k el! Bejelentkez\u00e9s \/ Kijelentkez\u00e9s A sz\u00e1ll\u00e1shely az \u00e9rkez\u00e9s napj\u00e1n 15.00 \u00f3r\u00e1t\u00f3l az elutaz\u00e1s napj\u00e1n d\u00e9lel\u0151tt 10.00 \u00f3r\u00e1ig \u00e1llrendelkez\u00e9sre. K\u00fcl\u00f6n d\u00edjaz\u00e1s eset\u00e9ben lehet\u0151s\u00e9g van a sz\u00e1ll\u00e1s kor\u00e1bbi id\u0151pontban val\u00f3 elfoglal\u00e1s\u00e1hoz, illetve a t\u00e1voz\u00e1s napj\u00e1n tov\u00e1bb marad\u00e1shoz. Mindk\u00e9t esetben el\u0151zetes [&hellip;]<\/p>\n","protected":false},"author":2,"featured_media":0,"parent":0,"menu_order":0,"comment_status":"closed","ping_status":"closed","template":"","meta":{"footnotes":""},"class_list":["post-8974","page","type-page","status-publish","hentry"],"_links":{"self":[{"href":"https:\/\/akvarellzebegeny.hu\/en\/wp-json\/wp\/v2\/pages\/8974"}],"collection":[{"href":"https:\/\/akvarellzebegeny.hu\/en\/wp-json\/wp\/v2\/pages"}],"about":[{"href":"https:\/\/akvarellzebegeny.hu\/en\/wp-json\/wp\/v2\/types\/page"}],"author":[{"embeddable":true,"href":"https:\/\/akvarellzebegeny.hu\/en\/wp-json\/wp\/v2\/users\/2"}],"replies":[{"embeddable":true,"href":"https:\/\/akvarellzebegeny.hu\/en\/wp-json\/wp\/v2\/comments?post=8974"}],"version-history":[{"count":3,"href":"https:\/\/akvarellzebegeny.hu\/en\/wp-json\/wp\/v2\/pages\/8974\/revisions"}],"predecessor-version":[{"id":14810,"href":"https:\/\/akvarellzebegeny.hu\/en\/wp-json\/wp\/v2\/pages\/8974\/revisions\/14810"}],"wp:attachment":[{"href":"https:\/\/akvarellzebegeny.hu\/en\/wp-json\/wp\/v2\/media?parent=8974"}],"curies":[{"name":"wp","href":"https:\/\/api.w.org\/{rel}","templated":true}]}}